{"id":1274,"date":"2015-06-15T11:24:09","date_gmt":"2015-06-15T10:24:09","guid":{"rendered":"http:\/\/www.borrowaboat.com\/magazine\/?page_id=1274"},"modified":"2015-06-15T11:24:09","modified_gmt":"2015-06-15T10:24:09","slug":"impressum-kontakt","status":"publish","type":"page","link":"https:\/\/www.borrowaboat.com\/m\/de\/impressum-kontakt\/","title":{"rendered":"Impressum &#038; Kontakt"},"content":{"rendered":"<p><strong>Impressum &amp; Kontakt<\/strong><\/p>\n<p><strong>Borrow A BoatBoats GmbH<\/strong><\/p>\n<p>Sch\u00f6nlaterngasse 11\/11<br \/>\n1010 Wien<br \/>\nTel.: +43 676 970 1755<\/p>\n<p>Mail: <a href=\"mailto:hello@zizooboats.com\">hello@zizooboats.com<\/a><\/p>\n<p>Die Borrow A Boatboats GmbH ist Mitglied der Wirtschaftskammer \u00d6sterreich.<\/p>\n<p>Informationen zum Medieninhaber sind st\u00e4ndig und unmittelbar hier auffindbar:<\/p>\n<p>Offenlegung nach \u00a7 25 Mediengesetz<\/p>\n<p>Bitte kontaktieren Sie uns unter hello@zizooboats.com<\/p>\n<p><a href=\"https:\/\/www.borrowaboat.com\/m\/de\/\">www.lobster.zizoo.com\/de\/<\/a> stellt pers\u00f6nliche Meinungen dar.<\/p>\n<p>Die Inhalte dieser Website sind unter einer Creative Commons-Lizenz lizenziert. Bei entsprechender Verlinkung auf www.lobster.zizoo.com\/de\/ duerfen die Texte\/Bilder zu nicht-kommerziellen Zwecken auf anderen Websiten verlinkt werden. Details sind hier nachzulesen.<\/p>\n<p>Bildrechte<\/p>\n<p>S\u00e4mtliche auf der Website verwendeten Bildrechte liegen bei www.lobster.zizoo.com\/de\/ oder sind zu ihrer Quelle verlinkt.<\/p>\n<p>Haftungsausschluss<\/p>\n<p>Die abrufbaren Inhalte werden mit gr\u00f6\u00dftm\u00f6glicher Sorgfalt erstellt und laufend aktualisiert; die Seitenbetreiberin \u00fcbernimmt jedoch keine Verantwortung hinsichtlich der Vollst\u00e4ndigkeit und Korrektheit der bereitgestellten Inhalte bzw. f\u00fcr die Richtigkeit der dargestellten Ansichten. Es wird ausdr\u00fccklich darauf hingewiesen, dass die auf der Website ver\u00f6ffentlichten Inhalte und Informationen selbst keine wie immer geartete Beratung darstellen. F\u00fcr Sch\u00e4den, gleich ob materieller oder immaterieller Natur, die durch die Nutzung der auf dieser Website dargestellten Informationen entstehen, ist, auch wenn letztgenannte fehlerhaft oder unvollst\u00e4ndig sind, eine Haftung soweit gesetzlich zul\u00e4ssig g\u00e4nzlich ausgeschlossen. Die Seitenbetreiberin haftet auch nicht f\u00fcr allf\u00e4llige rechtswidrige Inhalte externer Websites, auf welche mit direkten oder indirekten Hyperlinks verwiesen wird. Die Verantwortung f\u00fcr derartige externe Informationen tr\u00e4gt ausschlie\u00dflich der\/die Anbieter\/in der jeweiligen Website.<\/p>\n<p>Gewinnspiele<\/p>\n<p>GewinnerInnen werden per Email verst\u00e4ndigt. Eine Barauszahlung oder Tausch der Gewinne ist nicht m\u00f6glich. Die GewinnerInnen werden unter Ausschluss der \u00d6ffentlichkeit gezogen. Der Rechtsweg ist ausgeschlossen. Teilnahmeberechtigt sind Personen, die zu Zeitpunkt der Teilnahme das 18. Lebensjahr vollendet haben. Seine Vollj\u00e4hrigkeit versichern die TeilnehmerInnen mit der Teilnahme am Gewinnspiel. Der Gewinn ist nicht auf andere Personen \u00fcbertragbar. Die Teilnahme ist kostenlos und freiwillig. Der Newsletter kann jederzeit abbestellt werden. Durch die Teilnahme am Gewinnspiel erkl\u00e4ren die TeilnehmerInnen sein Einverst\u00e4ndnis mit den Regeln des Gewinnspiels und den Nutzungsbedingungen.<\/p>\n","protected":false},"excerpt":{"rendered":"<p>Impressum &amp; Kontakt Borrow A BoatBoats GmbH Sch\u00f6nlaterngasse 11\/11 1010 Wien Tel.: +43 676 970 1755 Mail: hello@zizooboats.com Die Borrow A Boatboats GmbH ist Mitglied der Wirtschaftskammer \u00d6sterreich. Informationen zum Medieninhaber sind st\u00e4ndig und unmittelbar hier auffindbar: Offenlegung nach \u00a7 25 Mediengesetz Bitte kontaktieren Sie uns unter hello@zizooboats.com www.lobster.zizoo.com\/de\/ stellt pers\u00f6nliche Meinungen dar. Die Inhalte &#8230; <\/p>\n<p class=\"read-more-container\"><a title=\"Impressum &#038; Kontakt\" class=\"read-more button\" href=\"https:\/\/www.borrowaboat.com\/m\/de\/impressum-kontakt\/#more-1274\" aria-label=\"More on Impressum &#038; Kontakt\">Continue reading<\/a><\/p>\n","protected":false},"author":14,"featured_media":0,"parent":0,"menu_order":0,"comment_status":"open","ping_status":"open","template":"","meta":{"footnotes":""},"class_list":{"0":"post-1274","1":"page","2":"type-page","3":"status-publish","5":"infinite-scroll-item"},"_links":{"self":[{"href":"https:\/\/www.borrowaboat.com\/m\/wp-json\/wp\/v2\/pages\/1274","targetHints":{"allow":["GET"]}}],"collection":[{"href":"https:\/\/www.borrowaboat.com\/m\/wp-json\/wp\/v2\/pages"}],"about":[{"href":"https:\/\/www.borrowaboat.com\/m\/wp-json\/wp\/v2\/types\/page"}],"author":[{"embeddable":true,"href":"https:\/\/www.borrowaboat.com\/m\/wp-json\/wp\/v2\/users\/14"}],"replies":[{"embeddable":true,"href":"https:\/\/www.borrowaboat.com\/m\/wp-json\/wp\/v2\/comments?post=1274"}],"version-history":[{"count":0,"href":"https:\/\/www.borrowaboat.com\/m\/wp-json\/wp\/v2\/pages\/1274\/revisions"}],"wp:attachment":[{"href":"https:\/\/www.borrowaboat.com\/m\/wp-json\/wp\/v2\/media?parent=1274"}],"curies":[{"name":"wp","href":"https:\/\/api.w.org\/{rel}","templated":true}]}}